{"id":13039,"date":"2022-12-24T16:23:56","date_gmt":"2022-12-24T16:23:56","guid":{"rendered":"https:\/\/tammikupesula.ee\/?page_id=13039"},"modified":"2022-12-24T17:38:34","modified_gmt":"2022-12-24T17:38:34","slug":"mootoripesu-2","status":"publish","type":"page","link":"https:\/\/tammikupesula.ee\/?page_id=13039","title":{"rendered":"Vahatamine"},"content":{"rendered":"<section class=\"wpb-content-wrapper\"><p>[vc_row css=&#8221;.vc_custom_1671903512223{margin-top: -20px !important;}&#8221;][vc_column width=&#8221;1\/2&#8243;][vc_column_text]<\/p>\n<h2>Miks autot vahatada?<\/h2>\n<ul type=\"disc\">\n<li>Vahatamine taastab v\u00e4rvkatte l\u00e4ike<b><\/b><\/li>\n<li>Aitab peita kriimustusi<\/li>\n<li>Kaitseb v\u00e4rvkatet keskkonnakahjude eest (ilmastikukahjud, soolad jm \u00fchendid)<\/li>\n<\/ul>\n<p><img decoding=\"async\" src=\"https:\/\/tammikupesula.ee\/public\/.thumbnails\/vahatamine_260x173.jpg\" alt=\"\" \/><\/p>\n<h3>Teostatavad t\u00f6\u00f6d<\/h3>\n<ul type=\"disc\">\n<li>Pigieemaldusaine peale kandmine<\/li>\n<li>Pesuaine peale kandmine<\/li>\n<li>Survepesuga loputamine, pigipesu<\/li>\n<li>\u0160ampooni peale kandmine<\/li>\n<li>\u0160vammi v\u00f5i pesuharjaga h\u00f5\u00f5rumine<\/li>\n<li>Survepesuga loputamine<\/li>\n<li>Kuivatamine (suru\u00f5hk + lapp +paber)<\/li>\n<li>V\u00e4rvipinna kontroll ja hindamine<\/li>\n<li>Vajadusel mittevahatatavate detailide kinniteipimine<\/li>\n<li>Pindade vahatamine<\/li>\n<li>Teipide eemaldamine ja pindade puhastamine<\/li>\n<li>L\u00f5pp-puhastus<\/li>\n<\/ul>\n<p>[\/vc_column_text][\/vc_column][vc_column width=&#8221;1\/2&#8243;][vc_column_text]<\/p>\n<h1>Nanotehnoloogial p\u00f5hinev p\u00fcsivahatus<\/h1>\n<div>\n<p>\u00a0<b>NANO BLUEBERRY WAX<\/b><\/p>\n<p><strong><span style=\"color: #3d92e4;\">[icon type=&#8221;fas fa-check&#8221;]<\/span>\u00a0 <span style=\"color: #343434;\">Looduslike ja s\u00fcnteetiliste vahade ning vaikude segu<\/span><\/strong><br \/>\n<strong><span style=\"color: #3d92e4;\">[icon type=&#8221;fas fa-check&#8221;]<\/span>\u00a0 <span style=\"color: #343434;\">Annab vastupidava ja k\u00f5rgl\u00e4ikega viimistluse igat t\u00fc\u00fcpi autov\u00e4rvile<\/span><\/strong><br \/>\n<strong><span style=\"color: #3d92e4;\">[icon type=&#8221;fas fa-check&#8221;]<\/span>\u00a0 <span style=\"color: #343434;\">Aitab peita mikrokriimustusi- ja p\u00f6\u00f6risj\u00e4lgi<\/span><\/strong><br \/>\n<strong><span style=\"color: #3d92e4;\">[icon type=&#8221;fas fa-check&#8221;]<\/span>\u00a0 <span style=\"color: #343434;\">Moodustab klaasja pinna ja kaitset\u00f5kke UV-kiirte ning keskkonna kahjustavate m\u00f5jude vastu<\/span><\/strong><br \/>\n<strong><span style=\"color: #3d92e4;\">[icon type=&#8221;fas fa-check&#8221;]<\/span>\u00a0 <span style=\"color: #343434;\">Vaha kestvusaeg ca 1 aasta<\/span><\/strong><\/p>\n<\/div>\n<h1>H\u00fcdrofoobne s\u00fcnteetiline p\u00fcsivahatus<\/h1>\n<p><b>ULTIMATE WAX PASTE<\/b><\/p>\n<p><strong><span style=\"color: #3d92e4;\">[icon type=&#8221;fas fa-check&#8221;]<\/span>\u00a0 <span style=\"color: #343434;\">V\u00e4ga head pinna peegeldus &#8211; ja kaitseomadused!<\/span><\/strong><br \/>\n<strong><span style=\"color: #3d92e4;\">[icon type=&#8221;fas fa-check&#8221;]<\/span>\u00a0 <span style=\"color: #343434;\">Teeb tumedat v\u00e4rvi pinna s\u00fcgavamaks ja tumedamaks, kui t\u00f6\u00f6tlemata pind<\/span><\/strong><br \/>\n<strong><span style=\"color: #3d92e4;\">[icon type=&#8221;fas fa-check&#8221;]<\/span>\u00a0 <span style=\"color: #343434;\">Kauakestev kaitsekiht, s\u00fcgav ja peegelsile l\u00e4ige!<\/span><\/strong>[\/vc_column_text][\/vc_column][\/vc_row]<\/p>\n<\/section>","protected":false},"excerpt":{"rendered":"<p>Any building or structure more than two stories high requires special window cleaning. We have well-made, well-maintained tools<\/p>\n","protected":false},"author":1,"featured_media":12468,"parent":794,"menu_order":0,"comment_status":"closed","ping_status":"closed","template":"","meta":{"footnotes":""},"class_list":["post-13039","page","type-page","status-publish","has-post-thumbnail","hentry"],"acf":[],"_links":{"self":[{"href":"https:\/\/tammikupesula.ee\/index.php?rest_route=\/wp\/v2\/pages\/13039","targetHints":{"allow":["GET"]}}],"collection":[{"href":"https:\/\/tammikupesula.ee\/index.php?rest_route=\/wp\/v2\/pages"}],"about":[{"href":"https:\/\/tammikupesula.ee\/index.php?rest_route=\/wp\/v2\/types\/page"}],"author":[{"embeddable":true,"href":"https:\/\/tammikupesula.ee\/index.php?rest_route=\/wp\/v2\/users\/1"}],"replies":[{"embeddable":true,"href":"https:\/\/tammikupesula.ee\/index.php?rest_route=%2Fwp%2Fv2%2Fcomments&post=13039"}],"version-history":[{"count":6,"href":"https:\/\/tammikupesula.ee\/index.php?rest_route=\/wp\/v2\/pages\/13039\/revisions"}],"predecessor-version":[{"id":13113,"href":"https:\/\/tammikupesula.ee\/index.php?rest_route=\/wp\/v2\/pages\/13039\/revisions\/13113"}],"up":[{"embeddable":true,"href":"https:\/\/tammikupesula.ee\/index.php?rest_route=\/wp\/v2\/pages\/794"}],"wp:featuredmedia":[{"embeddable":true,"href":"https:\/\/tammikupesula.ee\/index.php?rest_route=\/wp\/v2\/media\/12468"}],"wp:attachment":[{"href":"https:\/\/tammikupesula.ee\/index.php?rest_route=%2Fwp%2Fv2%2Fmedia&parent=13039"}],"curies":[{"name":"wp","href":"https:\/\/api.w.org\/{rel}","templated":true}]}}