{"id":13126,"date":"2022-12-26T14:24:00","date_gmt":"2022-12-26T14:24:00","guid":{"rendered":"https:\/\/tammikupesula.ee\/?page_id=13126"},"modified":"2022-12-28T04:58:25","modified_gmt":"2022-12-28T04:58:25","slug":"keemiline","status":"publish","type":"page","link":"https:\/\/tammikupesula.ee\/?page_id=13126","title":{"rendered":"Keemiline puhastus"},"content":{"rendered":"<section class=\"wpb-content-wrapper\"><p>[vc_row css=&#8221;.vc_custom_1671903498019{margin-top: -20px !important;}&#8221;][vc_column width=&#8221;1\/2&#8243;][vc_column_text]<\/p>\n<div align=\"center\">\n<div class=\"sisumargin\">\n<div class=\"sisu\">\n<div class=\"ala_ja_sisu\">\n<div class=\"tekst_kast\">\n<div class=\"tekst\">\n<div class=\"tekst_margin\">\n<div id=\"wg_articles_with_media\">\n<div id=\"wg_article_column\">\n<h1 style=\"text-align: left;\">AUTO KEEMILINE PUHASTUS<\/h1>\n<ul style=\"text-align: left;\" type=\"disc\">\n<li>Pindade puhastamine tolmuimejaga<\/li>\n<li>Tekstiilpindade ning vaipade harjamine<\/li>\n<li>Keemilise pesuvahendi pealekandmine<\/li>\n<li>H\u00f5\u00f5rumine tugeva \u0161vammi, &#8220;karukeele&#8221;\u00a0v\u00f5i harjaga!<\/li>\n<li>Loputamine tekstiilpesumasinaga kasutades puhast vett.<\/li>\n<li>Plastikdetailide puhastamine<\/li>\n<li>Klaaside puhastamine<\/li>\n<li>Nahksisu puhul naha puhastamine ning nahakreemi peale kandmine.<\/li>\n<\/ul>\n<\/div>\n<\/div>\n<\/div>\n<\/div>\n<\/div>\n<\/div>\n<\/div>\n<\/div>\n<\/div>\n<p>[\/vc_column_text][\/vc_column][vc_column width=&#8221;1\/2&#8243;][vc_gallery type=&#8221;flexslider_slide&#8221; interval=&#8221;3&#8243; images=&#8221;13140,13139&#8243; img_size=&#8221;medium&#8221;][\/vc_column][\/vc_row]<\/p>\n<\/section>","protected":false},"excerpt":{"rendered":"<p>Any building or structure more than two stories high requires special window cleaning. We have well-made, well-maintained tools<\/p>\n","protected":false},"author":1,"featured_media":12468,"parent":794,"menu_order":0,"comment_status":"closed","ping_status":"closed","template":"","meta":{"footnotes":""},"class_list":["post-13126","page","type-page","status-publish","has-post-thumbnail","hentry"],"acf":[],"_links":{"self":[{"href":"https:\/\/tammikupesula.ee\/index.php?rest_route=\/wp\/v2\/pages\/13126","targetHints":{"allow":["GET"]}}],"collection":[{"href":"https:\/\/tammikupesula.ee\/index.php?rest_route=\/wp\/v2\/pages"}],"about":[{"href":"https:\/\/tammikupesula.ee\/index.php?rest_route=\/wp\/v2\/types\/page"}],"author":[{"embeddable":true,"href":"https:\/\/tammikupesula.ee\/index.php?rest_route=\/wp\/v2\/users\/1"}],"replies":[{"embeddable":true,"href":"https:\/\/tammikupesula.ee\/index.php?rest_route=%2Fwp%2Fv2%2Fcomments&post=13126"}],"version-history":[{"count":12,"href":"https:\/\/tammikupesula.ee\/index.php?rest_route=\/wp\/v2\/pages\/13126\/revisions"}],"predecessor-version":[{"id":13146,"href":"https:\/\/tammikupesula.ee\/index.php?rest_route=\/wp\/v2\/pages\/13126\/revisions\/13146"}],"up":[{"embeddable":true,"href":"https:\/\/tammikupesula.ee\/index.php?rest_route=\/wp\/v2\/pages\/794"}],"wp:featuredmedia":[{"embeddable":true,"href":"https:\/\/tammikupesula.ee\/index.php?rest_route=\/wp\/v2\/media\/12468"}],"wp:attachment":[{"href":"https:\/\/tammikupesula.ee\/index.php?rest_route=%2Fwp%2Fv2%2Fmedia&parent=13126"}],"curies":[{"name":"wp","href":"https:\/\/api.w.org\/{rel}","templated":true}]}}