{"id":13127,"date":"2022-12-26T14:23:26","date_gmt":"2022-12-26T14:23:26","guid":{"rendered":"https:\/\/tammikupesula.ee\/?page_id=13127"},"modified":"2022-12-26T14:23:26","modified_gmt":"2022-12-26T14:23:26","slug":"poleerimine","status":"publish","type":"page","link":"https:\/\/tammikupesula.ee\/?page_id=13127","title":{"rendered":"Poleerimine"},"content":{"rendered":"<section class=\"wpb-content-wrapper\"><p>[vc_row css=&#8221;.vc_custom_1671903498019{margin-top: -20px !important;}&#8221;][vc_column width=&#8221;1\/2&#8243;][vc_column_text]<\/p>\n<h1>AUTODE POLEERIMINE<\/h1>\n<p>Auto poleerimine paneb auto v\u00e4rvkatte\u00a0j\u00e4lle s\u00e4rama! Poleerimise k\u00e4igus eemaldatakse auto v\u00e4rvkattelt\u00a0kriimud, mis ei ole veel auto v\u00e4rvakatet l\u00e4binud.<\/p>\n<p>Auto teenuste hinnakirja leiad\u00a0<a href=\"https:\/\/tammikupesula.ee\/poleerimine\/?id=10680\">siit<\/a>\u00a0!<\/p>\n<p><img decoding=\"async\" src=\"https:\/\/tammikupesula.ee\/public\/poleerimine.jpg\" alt=\"autode poleerimine\" border=\"0\" \/><br \/>\nTeostatavad t\u00f6\u00f6d:<\/p>\n<ul>\n<li>Porimattide puhastus<\/li>\n<li>Pesuaine peale kandmine<\/li>\n<li>Survepesuga loputamine<\/li>\n<li>\u0160ampooni peale kandmine<\/li>\n<li>\u0160vammi v\u00f5i pesuharjaga h\u00f5\u00f5rumine<\/li>\n<li>Survepesuga loputamine<\/li>\n<li>Kuivatamine (suru\u00f5hk + lapp + paber)<\/li>\n<li>V\u00e4rvipinna kontroll ja hindamine<\/li>\n<li>Mittepoleeritavate detailide kinni teipimine<\/li>\n<li>Abrasiivvahenditega t\u00f6\u00f6tlemine<\/li>\n<li>Pastadega t\u00f6\u00f6tlemine<\/li>\n<li>Poleerimine<\/li>\n<li>Teipide eemaldamine ja pindade puhastamine<\/li>\n<li>Pindade vahatamine<\/li>\n<li>L\u00f5pp-puhastus<\/li>\n<\/ul>\n<p><img decoding=\"async\" src=\"https:\/\/tammikupesula.ee\/public\/.thumbnails\/poleerimine2_520x443.jpg\" alt=\"\" border=\"0\" \/>[\/vc_column_text][\/vc_column][vc_column width=&#8221;1\/2&#8243;][vc_column_text css=&#8221;.vc_custom_1671898757779{margin-bottom: -50px !important;}&#8221;]<\/p>\n<h2>T\u00d6\u00d6DE HULKA KUULUB:<\/h2>\n<p><strong><span style=\"color: #3d92e4;\">[icon type=&#8221;fas fa-check&#8221;]<\/span>\u00a0 <span style=\"color: #343434;\">Mootori v\u00e4limised pinnad<\/span><\/strong><br \/>\n<strong><span style=\"color: #3d92e4;\">[icon type=&#8221;fas fa-check&#8221;]<\/span>\u00a0 <span style=\"color: #343434;\">Mootoriluugi- ja ava \u00e4\u00e4red<\/span><\/strong><br \/>\n<strong><span style=\"color: #3d92e4;\">[icon type=&#8221;fas fa-check&#8221;]<\/span>\u00a0 <span style=\"color: #343434;\">Mootoriluugi sisemine pind<\/span><\/strong>[\/vc_column_text][\/vc_column][\/vc_row]<\/p>\n<\/section>","protected":false},"excerpt":{"rendered":"<p>Any building or structure more than two stories high requires special window cleaning. We have well-made, well-maintained tools<\/p>\n","protected":false},"author":1,"featured_media":12468,"parent":794,"menu_order":0,"comment_status":"closed","ping_status":"closed","template":"","meta":{"footnotes":""},"class_list":["post-13127","page","type-page","status-publish","has-post-thumbnail","hentry"],"acf":[],"_links":{"self":[{"href":"https:\/\/tammikupesula.ee\/index.php?rest_route=\/wp\/v2\/pages\/13127","targetHints":{"allow":["GET"]}}],"collection":[{"href":"https:\/\/tammikupesula.ee\/index.php?rest_route=\/wp\/v2\/pages"}],"about":[{"href":"https:\/\/tammikupesula.ee\/index.php?rest_route=\/wp\/v2\/types\/page"}],"author":[{"embeddable":true,"href":"https:\/\/tammikupesula.ee\/index.php?rest_route=\/wp\/v2\/users\/1"}],"replies":[{"embeddable":true,"href":"https:\/\/tammikupesula.ee\/index.php?rest_route=%2Fwp%2Fv2%2Fcomments&post=13127"}],"version-history":[{"count":1,"href":"https:\/\/tammikupesula.ee\/index.php?rest_route=\/wp\/v2\/pages\/13127\/revisions"}],"predecessor-version":[{"id":13128,"href":"https:\/\/tammikupesula.ee\/index.php?rest_route=\/wp\/v2\/pages\/13127\/revisions\/13128"}],"up":[{"embeddable":true,"href":"https:\/\/tammikupesula.ee\/index.php?rest_route=\/wp\/v2\/pages\/794"}],"wp:featuredmedia":[{"embeddable":true,"href":"https:\/\/tammikupesula.ee\/index.php?rest_route=\/wp\/v2\/media\/12468"}],"wp:attachment":[{"href":"https:\/\/tammikupesula.ee\/index.php?rest_route=%2Fwp%2Fv2%2Fmedia&parent=13127"}],"curies":[{"name":"wp","href":"https:\/\/api.w.org\/{rel}","templated":true}]}}